{"id":3000,"date":"2024-08-08T17:26:58","date_gmt":"2024-08-08T20:26:58","guid":{"rendered":"https:\/\/setorreciclagem.com.br\/?page_id=3000"},"modified":"2024-08-08T17:27:10","modified_gmt":"2024-08-08T20:27:10","slug":"termos-de-uso","status":"publish","type":"page","link":"https:\/\/setorreciclagem.com.br\/fr\/termos-de-uso\/","title":{"rendered":"Conditions d&#039;utilisation"},"content":{"rendered":"<p><strong>Derni\u00e8re mise \u00e0 jour : 8 ao\u00fbt 2024<\/strong><\/p>\n\n\n\n<p>Les conditions d&#039;utilisation suivantes r\u00e9gissent votre utilisation du site Web <strong>Secteur du recyclage<\/strong> et les services que nous proposons.<\/p>\n\n\n\n<h3 class=\"wp-block-heading\">Engagement de l&#039;utilisateur<\/h3>\n\n\n\n<p>En acc\u00e9dant et en utilisant notre site Internet, l&#039;utilisateur s&#039;engage \u00e0 :<\/p>\n\n\n\n<ul class=\"wp-block-list\">\n<li><strong>LE)<\/strong> Utiliser le contenu et les informations de mani\u00e8re appropri\u00e9e et conform\u00e9ment \u00e0 la loi, \u00e0 la bonne foi et \u00e0 l&#039;ordre public\u00a0;<\/li>\n\n\n\n<li><strong>B)<\/strong> S&#039;abstenir de participer \u00e0 des activit\u00e9s ill\u00e9gales, y compris, mais sans s&#039;y limiter, la diffusion de propagande ou de contenu \u00e0 caract\u00e8re raciste, x\u00e9nophobe, les paris ill\u00e9gaux, la pornographie, le soutien au terrorisme ou tout acte violant les droits de l&#039;homme\u00a0;<\/li>\n\n\n\n<li><strong>W)<\/strong> \u00c9vitez d&#039;endommager les syst\u00e8mes physiques (mat\u00e9riel) et logiques (logiciels) du <strong>Secteur du recyclage<\/strong>, ses fournisseurs ou des tiers. Cela inclut la propagation de virus informatiques ou de tout autre syst\u00e8me susceptible de causer des dommages.<\/li>\n<\/ul>\n\n\n\n<h3 class=\"wp-block-heading\">Clause de non-responsabilit\u00e9<\/h3>\n\n\n\n<p>Notre site Web peut inclure des liens vers des sites Web de tiers. Nous ne contr\u00f4lons pas et ne sommes pas responsables du contenu ou des pratiques de ces sites.<\/p>\n\n\n\n<h3 class=\"wp-block-heading\">Modifications des conditions d&#039;utilisation<\/h3>\n\n\n\n<p>Nous nous r\u00e9servons le droit de modifier ces conditions d&#039;utilisation \u00e0 tout moment. Toute modification sera communiqu\u00e9e au pr\u00e9alable et la poursuite de l&#039;utilisation du site Internet apr\u00e8s ces modifications sera consid\u00e9r\u00e9e comme une acceptation de celles-ci.<\/p>\n\n\n\n<p>Si vous avez des questions concernant ces conditions d&#039;utilisation, veuillez nous contacter \u00e0 <a>contato@setorreciclagem.com.br<\/a>.<\/p>\n\n\n\n<p><\/p>","protected":false},"excerpt":{"rendered":"<p>\u00daltima Atualiza\u00e7\u00e3o: 8 de Agosto de 2024 Os Termos de Uso a seguir regem o uso do site Setor Reciclagem e dos servi\u00e7os oferecidos por n\u00f3s. Compromisso do Usu\u00e1rio Ao acessar e utilizar nosso site, o usu\u00e1rio concorda em: Isen\u00e7\u00e3o de Responsabilidade Nosso site pode incluir links para sites de terceiros. N\u00f3s n\u00e3o controlamos e [&hellip;]<\/p>","protected":false},"author":223,"featured_media":2876,"parent":0,"menu_order":0,"comment_status":"closed","ping_status":"closed","template":"","meta":{"footnotes":""},"class_list":["post-3000","page","type-page","status-publish","has-post-thumbnail","hentry"],"blocksy_meta":[],"_links":{"self":[{"href":"https:\/\/setorreciclagem.com.br\/fr\/wp-json\/wp\/v2\/pages\/3000","targetHints":{"allow":["GET"]}}],"collection":[{"href":"https:\/\/setorreciclagem.com.br\/fr\/wp-json\/wp\/v2\/pages"}],"about":[{"href":"https:\/\/setorreciclagem.com.br\/fr\/wp-json\/wp\/v2\/types\/page"}],"author":[{"embeddable":true,"href":"https:\/\/setorreciclagem.com.br\/fr\/wp-json\/wp\/v2\/users\/223"}],"replies":[{"embeddable":true,"href":"https:\/\/setorreciclagem.com.br\/fr\/wp-json\/wp\/v2\/comments?post=3000"}],"version-history":[{"count":1,"href":"https:\/\/setorreciclagem.com.br\/fr\/wp-json\/wp\/v2\/pages\/3000\/revisions"}],"predecessor-version":[{"id":3001,"href":"https:\/\/setorreciclagem.com.br\/fr\/wp-json\/wp\/v2\/pages\/3000\/revisions\/3001"}],"wp:featuredmedia":[{"embeddable":true,"href":"https:\/\/setorreciclagem.com.br\/fr\/wp-json\/wp\/v2\/media\/2876"}],"wp:attachment":[{"href":"https:\/\/setorreciclagem.com.br\/fr\/wp-json\/wp\/v2\/media?parent=3000"}],"curies":[{"name":"wp","href":"https:\/\/api.w.org\/{rel}","templated":true}]}}