{"id":2997,"date":"2024-08-08T17:22:30","date_gmt":"2024-08-08T20:22:30","guid":{"rendered":"https:\/\/setorreciclagem.com.br\/?page_id=2997"},"modified":"2024-08-08T17:22:30","modified_gmt":"2024-08-08T20:22:30","slug":"contato","status":"publish","type":"page","link":"https:\/\/setorreciclagem.com.br\/fr\/contato\/","title":{"rendered":"Contact"},"content":{"rendered":"<p><strong>Nous sommes l\u00e0 pour vous aider !<\/strong><br>Si vous avez des questions, des suggestions ou souhaitez partager quelque chose li\u00e9 au recyclage, veuillez nous contacter. Votre avis est tr\u00e8s important pour nous.<\/p>\n\n\n\n<h2 class=\"wp-block-heading\">Moyens de contact<\/h2>\n\n\n\n<ul class=\"wp-block-list\">\n<li><strong>E-mail:<\/strong><br>Contactez-nous directement par email :<br><a>contato@setorreciclagem.com.br<\/a><\/li>\n<\/ul>\n\n\n\n<p><\/p>\n\n\n\n<ul class=\"wp-block-list\">\n<li>Commentaires sur les articles.<br>Nous vous r\u00e9pondrons dans les plus brefs d\u00e9lais<\/li>\n<\/ul>\n\n\n\n<p><\/p>\n\n\n\n<ul class=\"wp-block-list\">\n<li>Formulaires d&#039;inscription<\/li>\n<\/ul>","protected":false},"excerpt":{"rendered":"<p>Estamos aqui para ajudar!Se voc\u00ea tiver d\u00favidas, sugest\u00f5es ou quiser compartilhar algo relacionado \u00e0 reciclagem, entre em contato conosco. Sua opini\u00e3o \u00e9 muito importante para n\u00f3s. Meios de Contato<\/p>","protected":false},"author":223,"featured_media":2876,"parent":0,"menu_order":0,"comment_status":"closed","ping_status":"closed","template":"","meta":{"footnotes":""},"class_list":["post-2997","page","type-page","status-publish","has-post-thumbnail","hentry"],"blocksy_meta":[],"_links":{"self":[{"href":"https:\/\/setorreciclagem.com.br\/fr\/wp-json\/wp\/v2\/pages\/2997","targetHints":{"allow":["GET"]}}],"collection":[{"href":"https:\/\/setorreciclagem.com.br\/fr\/wp-json\/wp\/v2\/pages"}],"about":[{"href":"https:\/\/setorreciclagem.com.br\/fr\/wp-json\/wp\/v2\/types\/page"}],"author":[{"embeddable":true,"href":"https:\/\/setorreciclagem.com.br\/fr\/wp-json\/wp\/v2\/users\/223"}],"replies":[{"embeddable":true,"href":"https:\/\/setorreciclagem.com.br\/fr\/wp-json\/wp\/v2\/comments?post=2997"}],"version-history":[{"count":1,"href":"https:\/\/setorreciclagem.com.br\/fr\/wp-json\/wp\/v2\/pages\/2997\/revisions"}],"predecessor-version":[{"id":2998,"href":"https:\/\/setorreciclagem.com.br\/fr\/wp-json\/wp\/v2\/pages\/2997\/revisions\/2998"}],"wp:featuredmedia":[{"embeddable":true,"href":"https:\/\/setorreciclagem.com.br\/fr\/wp-json\/wp\/v2\/media\/2876"}],"wp:attachment":[{"href":"https:\/\/setorreciclagem.com.br\/fr\/wp-json\/wp\/v2\/media?parent=2997"}],"curies":[{"name":"wp","href":"https:\/\/api.w.org\/{rel}","templated":true}]}}