{"id":2782,"date":"2023-12-16T09:54:23","date_gmt":"2023-12-16T12:54:23","guid":{"rendered":"http:\/\/setorreciclagem.com.br\/?page_id=2782"},"modified":"2024-08-08T17:29:57","modified_gmt":"2024-08-08T20:29:57","slug":"politica-de-privacidade-e-termos-de-uso","status":"publish","type":"page","link":"https:\/\/setorreciclagem.com.br\/fr\/politica-de-privacidade-e-termos-de-uso\/","title":{"rendered":"politique de confidentialit\u00e9"},"content":{"rendered":"<p><strong>Derni\u00e8re mise \u00e0 jour : 8 ao\u00fbt 2024<\/strong><\/p>\n\n\n\n<p>Votre vie priv\u00e9e est importante pour nous. Cette politique de confidentialit\u00e9 explique comment nous collectons, utilisons, prot\u00e9geons et divulguons vos informations personnelles lorsque vous visitez notre site Web. <strong>Setorreciclagem.com.br<\/strong>.<\/p>\n\n\n\n<h5 class=\"wp-block-heading\">Collecte d&#039;informations<\/h5>\n\n\n\n<p>Nous ne demandons des informations personnelles que lorsque nous en avons r\u00e9ellement besoin pour fournir un service. La collecte de ces informations se fait de mani\u00e8re \u00e9quitable et l\u00e9gale, toujours avec votre connaissance et votre consentement. Nous expliquons la raison de la collecte et comment les informations seront utilis\u00e9es.<\/p>\n\n\n\n<h5 class=\"wp-block-heading\">Conservation et protection des donn\u00e9es<\/h5>\n\n\n\n<p>Les informations collect\u00e9es ne sont conserv\u00e9es que le temps n\u00e9cessaire \u00e0 la fourniture du service demand\u00e9. Pendant le stockage, nous employons des mesures commercialement acceptables pour prot\u00e9ger vos donn\u00e9es contre la perte, le vol, l&#039;acc\u00e8s non autoris\u00e9, la divulgation, la copie, l&#039;utilisation ou la modification.<\/p>\n\n\n\n<h5 class=\"wp-block-heading\">Partage d&#039;informations<\/h5>\n\n\n\n<p>Nous ne partageons pas vos informations personnelles identifiables publiquement ou avec des tiers, sauf lorsque la loi l&#039;exige.<\/p>\n\n\n\n<h5 class=\"wp-block-heading\">Liens vers des sites externes<\/h5>\n\n\n\n<p>Notre site Web peut contenir des liens vers des sites Web externes qui ne sont pas exploit\u00e9s par nous. Veuillez noter que nous n&#039;avons aucun contr\u00f4le sur le contenu et les pratiques de ces sites, et ne sommes pas responsables de leurs politiques de confidentialit\u00e9 respectives.<\/p>\n\n\n\n<h5 class=\"wp-block-heading\">Votre consentement<\/h5>\n\n\n\n<p>Vous avez le droit de refuser notre demande concernant vos informations personnelles, sachant que cela pourrait nous emp\u00eacher de vous fournir certains des services souhait\u00e9s.<\/p>\n\n\n\n<p>Votre utilisation continue de notre site Web sera consid\u00e9r\u00e9e comme une acceptation de nos pratiques en mati\u00e8re de confidentialit\u00e9 et d\u2019informations personnelles. Si vous avez des questions sur la mani\u00e8re dont nous traitons vos donn\u00e9es, veuillez nous contacter par e-mail <a>contato@setorreciclagem.com.br<\/a>.<\/p>","protected":false},"excerpt":{"rendered":"<p>\u00daltima Atualiza\u00e7\u00e3o: 8 de Agosto de 2024 A sua privacidade \u00e9 importante para n\u00f3s. Esta Pol\u00edtica de Privacidade explica como coletamos, usamos, protegemos e divulgamos suas informa\u00e7\u00f5es pessoais quando voc\u00ea visita nosso site Setorreciclagem.com.br. Coleta de Informa\u00e7\u00f5es N\u00f3s solicitamos informa\u00e7\u00f5es pessoais apenas quando realmente precisamos delas para fornecer um servi\u00e7o. A coleta dessas informa\u00e7\u00f5es \u00e9 [&hellip;]<\/p>","protected":false},"author":223,"featured_media":2876,"parent":0,"menu_order":0,"comment_status":"closed","ping_status":"closed","template":"","meta":{"footnotes":""},"class_list":["post-2782","page","type-page","status-publish","has-post-thumbnail","hentry"],"blocksy_meta":[],"_links":{"self":[{"href":"https:\/\/setorreciclagem.com.br\/fr\/wp-json\/wp\/v2\/pages\/2782","targetHints":{"allow":["GET"]}}],"collection":[{"href":"https:\/\/setorreciclagem.com.br\/fr\/wp-json\/wp\/v2\/pages"}],"about":[{"href":"https:\/\/setorreciclagem.com.br\/fr\/wp-json\/wp\/v2\/types\/page"}],"author":[{"embeddable":true,"href":"https:\/\/setorreciclagem.com.br\/fr\/wp-json\/wp\/v2\/users\/223"}],"replies":[{"embeddable":true,"href":"https:\/\/setorreciclagem.com.br\/fr\/wp-json\/wp\/v2\/comments?post=2782"}],"version-history":[{"count":4,"href":"https:\/\/setorreciclagem.com.br\/fr\/wp-json\/wp\/v2\/pages\/2782\/revisions"}],"predecessor-version":[{"id":3004,"href":"https:\/\/setorreciclagem.com.br\/fr\/wp-json\/wp\/v2\/pages\/2782\/revisions\/3004"}],"wp:featuredmedia":[{"embeddable":true,"href":"https:\/\/setorreciclagem.com.br\/fr\/wp-json\/wp\/v2\/media\/2876"}],"wp:attachment":[{"href":"https:\/\/setorreciclagem.com.br\/fr\/wp-json\/wp\/v2\/media?parent=2782"}],"curies":[{"name":"wp","href":"https:\/\/api.w.org\/{rel}","templated":true}]}}