{"id":2286,"date":"2018-11-04T11:59:15","date_gmt":"2018-11-04T13:59:15","guid":{"rendered":"http:\/\/setorreciclagem.com.br\/?page_id=2286"},"modified":"2024-09-22T01:47:15","modified_gmt":"2024-09-22T04:47:15","slug":"anuncie-no-setor-reciclagem","status":"publish","type":"page","link":"https:\/\/setorreciclagem.com.br\/fr\/anuncie-no-setor-reciclagem\/","title":{"rendered":"Faire de la publicit\u00e9 dans le secteur du recyclage"},"content":{"rendered":"<p>Annoncez sur <strong><a href=\"http:\/\/setorreciclagem.com.br\/fr\/\" target=\"_blank\" rel=\"noopener noreferrer\">Secteur du recyclage<\/a><\/strong> et <strong><a href=\"https:\/\/www.artereciclada.com.br\/\" target=\"_blank\" rel=\"noopener noreferrer\">Art recycl\u00e9<\/a><\/strong> et toucher un public s\u00e9lectionn\u00e9 int\u00e9ress\u00e9 par les produits et services li\u00e9s au recyclage, \u00e0 la collecte s\u00e9lective, \u00e0 l&#039;artisanat et \u00e0 l&#039;\u00e9cologie. Le lecteur de Setor Reciclagem est engag\u00e9 pour la cause de l&#039;environnement et d\u00e9sireux de consommer des produits durables !<\/p>\n\n\n\n<p>Nous n&#039;acceptons actuellement que les publireportages, qui sont des articles ou articles destin\u00e9s \u00e0 promouvoir des produits et services \u00e0 travers des articles ou des articles.<\/p>\n\n\n\n<p>Si vous \u00eates int\u00e9ress\u00e9 par un partenariat ou un sponsoring, veuillez nous contacter par email : <a href=\"mailto:vitorblog213214@gmail.com\">contato@setorreciclagem.com.br<\/a><br><\/p>\n\n\n\n<p>Une publicit\u00e9 co\u00fbte <strong>150 r\u00e9ais<\/strong> par publication, et doit \u00eatre fait en cliquant sur le bouton PagSeguro en bas de cette page, mais bien qu&#039;il soit payant, le publireportage ne sera accept\u00e9 qu&#039;apr\u00e8s avoir \u00e9t\u00e9 examin\u00e9 par le conservateur du secteur du recyclage. Les raisons de cette mod\u00e9ration sont :<\/p>\n\n\n\n<ul class=\"wp-block-list\">\n<li><p dir=\"ltr\">Les textes doivent \u00eatre align\u00e9s sur les th\u00e8mes du recyclage, de l&#039;environnement et de l&#039;environnementalisme.<\/p><\/li>\n\n\n\n<li><p dir=\"ltr\">Il est essentiel qu&#039;il y ait un minimum de soin pour une bonne r\u00e9daction, de la grammaire \u00e0 la coh\u00e9rence de ce qui est \u00e9crit.<\/p><\/li>\n\n\n\n<li><p dir=\"ltr\">Bien qu\u2019ils soient payants, les publireportages doivent \u00eatre ax\u00e9s sur le lecteur. Les textes qui offrent r\u00e9ellement de bonnes opportunit\u00e9s et des informations compl\u00e8tes cr\u00e9ent une r\u00e9putation et une cr\u00e9dibilit\u00e9 aupr\u00e8s du public cible.<\/p><\/li>\n\n\n\n<li><p dir=\"ltr\">Nous ne traitons pas de sujets religieux ou politiques.<\/p><\/li>\n\n\n\n<li><p dir=\"ltr\">Les images doivent \u00eatre les v\u00f4tres ou libres de droits, de bonne qualit\u00e9, mais l\u00e9g\u00e8res (maximum 120 Ko).<\/p><\/li>\n\n\n\n<li>Vous pouvez placer jusqu&#039;\u00e0&nbsp;<strong>3 liens<\/strong>&nbsp;dans votre article pour promouvoir votre site Web, produit ou service.<\/li>\n<\/ul>\n\n\n\n<p><strong>Quels sont les avantages de publier vos articles dans le secteur du recyclage et de l\u2019art recycl\u00e9 ?<\/strong><\/p>\n\n\n\n<ul class=\"wp-block-list\">\n<li><p dir=\"ltr\">En \u00e9tant en ligne depuis deux d\u00e9cennies, Setor Reciclagem et Arte reciclacada b\u00e9n\u00e9ficient de<strong>&nbsp;autorit\u00e9 et r\u00e9putation aupr\u00e8s de Google<\/strong>, donc un texte bien r\u00e9dig\u00e9 avec les termes corrects, appara\u00eet en peu de temps en bonne place dans les recherches Google.<\/p><\/li>\n\n\n\n<li><p dir=\"ltr\">Les articles approuv\u00e9s apparaissent bien en \u00e9vidence sur la page d&#039;accueil du site Web au moment de leur lancement.<\/p><\/li>\n<\/ul>","protected":false},"excerpt":{"rendered":"<p>Anuncie no Setor Reciclagem e Arte Reciclada e alcance um p\u00fablico selecionado, interessado em produtos e servi\u00e7os ligados \u00e0 reciclagem, coleta seletiva, artesanato e ecologia. O leitor do Setor Reciclagem \u00e9 engajado a causa do meio ambiente e \u00e1vido por consumir produtos sustent\u00e1veis! Atualmente s\u00f3 estamos aceitando o an\u00fancio publieditorial, que \u00e9 um artigo ou [&hellip;]<\/p>","protected":false},"author":2,"featured_media":0,"parent":0,"menu_order":0,"comment_status":"closed","ping_status":"closed","template":"","meta":{"footnotes":""},"class_list":["post-2286","page","type-page","status-publish","hentry"],"blocksy_meta":[],"_links":{"self":[{"href":"https:\/\/setorreciclagem.com.br\/fr\/wp-json\/wp\/v2\/pages\/2286","targetHints":{"allow":["GET"]}}],"collection":[{"href":"https:\/\/setorreciclagem.com.br\/fr\/wp-json\/wp\/v2\/pages"}],"about":[{"href":"https:\/\/setorreciclagem.com.br\/fr\/wp-json\/wp\/v2\/types\/page"}],"author":[{"embeddable":true,"href":"https:\/\/setorreciclagem.com.br\/fr\/wp-json\/wp\/v2\/users\/2"}],"replies":[{"embeddable":true,"href":"https:\/\/setorreciclagem.com.br\/fr\/wp-json\/wp\/v2\/comments?post=2286"}],"version-history":[{"count":7,"href":"https:\/\/setorreciclagem.com.br\/fr\/wp-json\/wp\/v2\/pages\/2286\/revisions"}],"predecessor-version":[{"id":3822,"href":"https:\/\/setorreciclagem.com.br\/fr\/wp-json\/wp\/v2\/pages\/2286\/revisions\/3822"}],"wp:attachment":[{"href":"https:\/\/setorreciclagem.com.br\/fr\/wp-json\/wp\/v2\/media?parent=2286"}],"curies":[{"name":"wp","href":"https:\/\/api.w.org\/{rel}","templated":true}]}}