{"id":3000,"date":"2024-08-08T17:26:58","date_gmt":"2024-08-08T20:26:58","guid":{"rendered":"https:\/\/setorreciclagem.com.br\/?page_id=3000"},"modified":"2024-08-08T17:27:10","modified_gmt":"2024-08-08T20:27:10","slug":"termos-de-uso","status":"publish","type":"page","link":"https:\/\/setorreciclagem.com.br\/es\/termos-de-uso\/","title":{"rendered":"Condiciones de uso"},"content":{"rendered":"<p><strong>\u00daltima actualizaci\u00f3n: 8 de agosto de 2024<\/strong><\/p>\n\n\n\n<p>Los siguientes T\u00e9rminos de uso rigen su uso del sitio web. <strong>Sector Reciclaje<\/strong> y los servicios que ofrecemos.<\/p>\n\n\n\n<h3 class=\"wp-block-heading\">Compromiso del usuario<\/h3>\n\n\n\n<p>Al acceder y utilizar nuestro sitio web, el usuario acepta:<\/p>\n\n\n\n<ul class=\"wp-block-list\">\n<li><strong>EL)<\/strong> Utilizar los contenidos y la informaci\u00f3n de forma adecuada y conforme a la ley, la buena fe y el orden p\u00fablico;<\/li>\n\n\n\n<li><strong>B)<\/strong> Abstenerse de participar en actividades ilegales, incluyendo, entre otras, la difusi\u00f3n de propaganda o contenidos de car\u00e1cter racista, xen\u00f3fobo, apuestas ilegales, pornograf\u00eda, apoyo al terrorismo o cualquier acto que viole los derechos humanos;<\/li>\n\n\n\n<li><strong>W)<\/strong> Evitar da\u00f1os a los sistemas f\u00edsicos (hardware) y l\u00f3gicos (software) del <strong>Sector Reciclaje<\/strong>, sus proveedores o terceros. Esto incluye la propagaci\u00f3n de virus inform\u00e1ticos o de cualquier otro sistema que pueda causar da\u00f1os.<\/li>\n<\/ul>\n\n\n\n<h3 class=\"wp-block-heading\">Descargo de responsabilidad<\/h3>\n\n\n\n<p>Nuestro sitio web puede incluir enlaces a sitios web de terceros. No controlamos ni somos responsables del contenido o las pr\u00e1cticas de estos sitios.<\/p>\n\n\n\n<h3 class=\"wp-block-heading\">Cambios en los t\u00e9rminos de uso<\/h3>\n\n\n\n<p>Nos reservamos el derecho de cambiar estos T\u00e9rminos de uso en cualquier momento. Cualquier cambio ser\u00e1 comunicado con antelaci\u00f3n, y el uso continuado del sitio web despu\u00e9s de dichos cambios se considerar\u00e1 aceptaci\u00f3n de los mismos.<\/p>\n\n\n\n<p>Si tiene alguna pregunta sobre estos T\u00e9rminos de uso, cont\u00e1ctenos en <a>contato@setorreciclagem.com.br<\/a>.<\/p>\n\n\n\n<p><\/p>","protected":false},"excerpt":{"rendered":"<p>\u00daltima Atualiza\u00e7\u00e3o: 8 de Agosto de 2024 Os Termos de Uso a seguir regem o uso do site Setor Reciclagem e dos servi\u00e7os oferecidos por n\u00f3s. Compromisso do Usu\u00e1rio Ao acessar e utilizar nosso site, o usu\u00e1rio concorda em: Isen\u00e7\u00e3o de Responsabilidade Nosso site pode incluir links para sites de terceiros. N\u00f3s n\u00e3o controlamos e [&hellip;]<\/p>","protected":false},"author":223,"featured_media":2876,"parent":0,"menu_order":0,"comment_status":"closed","ping_status":"closed","template":"","meta":{"footnotes":""},"class_list":["post-3000","page","type-page","status-publish","has-post-thumbnail","hentry"],"blocksy_meta":[],"_links":{"self":[{"href":"https:\/\/setorreciclagem.com.br\/es\/wp-json\/wp\/v2\/pages\/3000","targetHints":{"allow":["GET"]}}],"collection":[{"href":"https:\/\/setorreciclagem.com.br\/es\/wp-json\/wp\/v2\/pages"}],"about":[{"href":"https:\/\/setorreciclagem.com.br\/es\/wp-json\/wp\/v2\/types\/page"}],"author":[{"embeddable":true,"href":"https:\/\/setorreciclagem.com.br\/es\/wp-json\/wp\/v2\/users\/223"}],"replies":[{"embeddable":true,"href":"https:\/\/setorreciclagem.com.br\/es\/wp-json\/wp\/v2\/comments?post=3000"}],"version-history":[{"count":1,"href":"https:\/\/setorreciclagem.com.br\/es\/wp-json\/wp\/v2\/pages\/3000\/revisions"}],"predecessor-version":[{"id":3001,"href":"https:\/\/setorreciclagem.com.br\/es\/wp-json\/wp\/v2\/pages\/3000\/revisions\/3001"}],"wp:featuredmedia":[{"embeddable":true,"href":"https:\/\/setorreciclagem.com.br\/es\/wp-json\/wp\/v2\/media\/2876"}],"wp:attachment":[{"href":"https:\/\/setorreciclagem.com.br\/es\/wp-json\/wp\/v2\/media?parent=3000"}],"curies":[{"name":"wp","href":"https:\/\/api.w.org\/{rel}","templated":true}]}}