{"id":2997,"date":"2024-08-08T17:22:30","date_gmt":"2024-08-08T20:22:30","guid":{"rendered":"https:\/\/setorreciclagem.com.br\/?page_id=2997"},"modified":"2024-08-08T17:22:30","modified_gmt":"2024-08-08T20:22:30","slug":"contato","status":"publish","type":"page","link":"https:\/\/setorreciclagem.com.br\/es\/contato\/","title":{"rendered":"Contacto"},"content":{"rendered":"<p><strong>\u00a1Estamos aqu\u00ed para ayudar!<\/strong><br>Si tienes dudas, sugerencias o quieres compartir algo relacionado con el reciclaje, por favor cont\u00e1ctanos. Tu opini\u00f3n es muy importante para nosotros.<\/p>\n\n\n\n<h2 class=\"wp-block-heading\">Medios de contacto<\/h2>\n\n\n\n<ul class=\"wp-block-list\">\n<li><strong>Correo electr\u00f3nico:<\/strong><br>P\u00f3ngase en contacto directamente por correo electr\u00f3nico:<br><a>contato@setorreciclagem.com.br<\/a><\/li>\n<\/ul>\n\n\n\n<p><\/p>\n\n\n\n<ul class=\"wp-block-list\">\n<li>Comentarios del art\u00edculo.<br>Responderemos lo antes posible.<\/li>\n<\/ul>\n\n\n\n<p><\/p>\n\n\n\n<ul class=\"wp-block-list\">\n<li>Formularios de registro<\/li>\n<\/ul>","protected":false},"excerpt":{"rendered":"<p>Estamos aqui para ajudar!Se voc\u00ea tiver d\u00favidas, sugest\u00f5es ou quiser compartilhar algo relacionado \u00e0 reciclagem, entre em contato conosco. Sua opini\u00e3o \u00e9 muito importante para n\u00f3s. Meios de Contato<\/p>","protected":false},"author":223,"featured_media":2876,"parent":0,"menu_order":0,"comment_status":"closed","ping_status":"closed","template":"","meta":{"footnotes":""},"class_list":["post-2997","page","type-page","status-publish","has-post-thumbnail","hentry"],"blocksy_meta":[],"_links":{"self":[{"href":"https:\/\/setorreciclagem.com.br\/es\/wp-json\/wp\/v2\/pages\/2997","targetHints":{"allow":["GET"]}}],"collection":[{"href":"https:\/\/setorreciclagem.com.br\/es\/wp-json\/wp\/v2\/pages"}],"about":[{"href":"https:\/\/setorreciclagem.com.br\/es\/wp-json\/wp\/v2\/types\/page"}],"author":[{"embeddable":true,"href":"https:\/\/setorreciclagem.com.br\/es\/wp-json\/wp\/v2\/users\/223"}],"replies":[{"embeddable":true,"href":"https:\/\/setorreciclagem.com.br\/es\/wp-json\/wp\/v2\/comments?post=2997"}],"version-history":[{"count":1,"href":"https:\/\/setorreciclagem.com.br\/es\/wp-json\/wp\/v2\/pages\/2997\/revisions"}],"predecessor-version":[{"id":2998,"href":"https:\/\/setorreciclagem.com.br\/es\/wp-json\/wp\/v2\/pages\/2997\/revisions\/2998"}],"wp:featuredmedia":[{"embeddable":true,"href":"https:\/\/setorreciclagem.com.br\/es\/wp-json\/wp\/v2\/media\/2876"}],"wp:attachment":[{"href":"https:\/\/setorreciclagem.com.br\/es\/wp-json\/wp\/v2\/media?parent=2997"}],"curies":[{"name":"wp","href":"https:\/\/api.w.org\/{rel}","templated":true}]}}