{"id":2782,"date":"2023-12-16T09:54:23","date_gmt":"2023-12-16T12:54:23","guid":{"rendered":"http:\/\/setorreciclagem.com.br\/?page_id=2782"},"modified":"2024-08-08T17:29:57","modified_gmt":"2024-08-08T20:29:57","slug":"politica-de-privacidade-e-termos-de-uso","status":"publish","type":"page","link":"https:\/\/setorreciclagem.com.br\/es\/politica-de-privacidade-e-termos-de-uso\/","title":{"rendered":"pol\u00edtica de privacidad"},"content":{"rendered":"<p><strong>\u00daltima actualizaci\u00f3n: 8 de agosto de 2024<\/strong><\/p>\n\n\n\n<p>Su privacidad es importante para nosotros. Esta Pol\u00edtica de Privacidad explica c\u00f3mo recopilamos, usamos, protegemos y divulgamos su informaci\u00f3n personal cuando visita nuestro sitio web. <strong>Setorreciclagem.com.br<\/strong>.<\/p>\n\n\n\n<h5 class=\"wp-block-heading\">Recopilaci\u00f3n de informaci\u00f3n<\/h5>\n\n\n\n<p>Solo solicitamos informaci\u00f3n personal cuando realmente la necesitamos para brindar un servicio. La recogida de esta informaci\u00f3n se realiza de forma justa y legal, siempre con su conocimiento y consentimiento. Explicamos el motivo de la recopilaci\u00f3n y c\u00f3mo se utilizar\u00e1 la informaci\u00f3n.<\/p>\n\n\n\n<h5 class=\"wp-block-heading\">Retenci\u00f3n y protecci\u00f3n de datos<\/h5>\n\n\n\n<p>La informaci\u00f3n recopilada se conserva \u00fanicamente durante el tiempo necesario para proporcionar el servicio solicitado. Durante el almacenamiento, empleamos medidas comercialmente aceptables para proteger sus datos contra p\u00e9rdida, robo, acceso no autorizado, divulgaci\u00f3n, copia, uso o modificaci\u00f3n.<\/p>\n\n\n\n<h5 class=\"wp-block-heading\">Intercambio de informaci\u00f3n<\/h5>\n\n\n\n<p>No compartimos su informaci\u00f3n de identificaci\u00f3n personal p\u00fablicamente ni con terceros, excepto cuando lo exija la ley.<\/p>\n\n\n\n<h5 class=\"wp-block-heading\">Enlaces a sitios externos<\/h5>\n\n\n\n<p>Nuestro sitio web puede contener enlaces a sitios web externos que no son operados por nosotros. Tenga en cuenta que no tenemos control sobre el contenido y las pr\u00e1cticas de estos sitios y no somos responsables de sus respectivas pol\u00edticas de privacidad.<\/p>\n\n\n\n<h5 class=\"wp-block-heading\">Su consentimiento<\/h5>\n\n\n\n<p>Tiene derecho a rechazar nuestra solicitud de su informaci\u00f3n personal, entendiendo que hacerlo puede impedir que le proporcionemos algunos de los servicios que desea.<\/p>\n\n\n\n<p>Su uso continuado de nuestro sitio web se considerar\u00e1 la aceptaci\u00f3n de nuestras pr\u00e1cticas con respecto a la privacidad y la informaci\u00f3n personal. Si tiene alguna pregunta sobre c\u00f3mo procesamos sus datos, por favor cont\u00e1ctenos por correo electr\u00f3nico <a>contato@setorreciclagem.com.br<\/a>.<\/p>","protected":false},"excerpt":{"rendered":"<p>\u00daltima Atualiza\u00e7\u00e3o: 8 de Agosto de 2024 A sua privacidade \u00e9 importante para n\u00f3s. Esta Pol\u00edtica de Privacidade explica como coletamos, usamos, protegemos e divulgamos suas informa\u00e7\u00f5es pessoais quando voc\u00ea visita nosso site Setorreciclagem.com.br. Coleta de Informa\u00e7\u00f5es N\u00f3s solicitamos informa\u00e7\u00f5es pessoais apenas quando realmente precisamos delas para fornecer um servi\u00e7o. A coleta dessas informa\u00e7\u00f5es \u00e9 [&hellip;]<\/p>","protected":false},"author":223,"featured_media":2876,"parent":0,"menu_order":0,"comment_status":"closed","ping_status":"closed","template":"","meta":{"footnotes":""},"class_list":["post-2782","page","type-page","status-publish","has-post-thumbnail","hentry"],"blocksy_meta":[],"_links":{"self":[{"href":"https:\/\/setorreciclagem.com.br\/es\/wp-json\/wp\/v2\/pages\/2782","targetHints":{"allow":["GET"]}}],"collection":[{"href":"https:\/\/setorreciclagem.com.br\/es\/wp-json\/wp\/v2\/pages"}],"about":[{"href":"https:\/\/setorreciclagem.com.br\/es\/wp-json\/wp\/v2\/types\/page"}],"author":[{"embeddable":true,"href":"https:\/\/setorreciclagem.com.br\/es\/wp-json\/wp\/v2\/users\/223"}],"replies":[{"embeddable":true,"href":"https:\/\/setorreciclagem.com.br\/es\/wp-json\/wp\/v2\/comments?post=2782"}],"version-history":[{"count":4,"href":"https:\/\/setorreciclagem.com.br\/es\/wp-json\/wp\/v2\/pages\/2782\/revisions"}],"predecessor-version":[{"id":3004,"href":"https:\/\/setorreciclagem.com.br\/es\/wp-json\/wp\/v2\/pages\/2782\/revisions\/3004"}],"wp:featuredmedia":[{"embeddable":true,"href":"https:\/\/setorreciclagem.com.br\/es\/wp-json\/wp\/v2\/media\/2876"}],"wp:attachment":[{"href":"https:\/\/setorreciclagem.com.br\/es\/wp-json\/wp\/v2\/media?parent=2782"}],"curies":[{"name":"wp","href":"https:\/\/api.w.org\/{rel}","templated":true}]}}