{"id":2286,"date":"2018-11-04T11:59:15","date_gmt":"2018-11-04T13:59:15","guid":{"rendered":"http:\/\/setorreciclagem.com.br\/?page_id=2286"},"modified":"2024-09-22T01:47:15","modified_gmt":"2024-09-22T04:47:15","slug":"anuncie-no-setor-reciclagem","status":"publish","type":"page","link":"https:\/\/setorreciclagem.com.br\/es\/anuncie-no-setor-reciclagem\/","title":{"rendered":"An\u00fanciate en el Sector del Reciclaje"},"content":{"rendered":"<p>anunciar en <strong><a href=\"http:\/\/setorreciclagem.com.br\/es\/\" target=\"_blank\" rel=\"noopener noreferrer\">Sector Reciclaje<\/a><\/strong> y <strong><a href=\"https:\/\/www.artereciclada.com.br\/\" target=\"_blank\" rel=\"noopener noreferrer\">Arte Reciclado<\/a><\/strong> y llegar a un p\u00fablico seleccionado interesado en productos y servicios vinculados al reciclaje, la recogida selectiva, la artesan\u00eda y la ecolog\u00eda. \u00a1El lector de Setor Reciclagem est\u00e1 comprometido con la causa del medio ambiente y con ganas de consumir productos sustentables!<\/p>\n\n\n\n<p>Actualmente solo aceptamos publirreportajes, que son art\u00edculos o art\u00edculos destinados a promocionar productos y servicios a trav\u00e9s de art\u00edculos o art\u00edculos.<\/p>\n\n\n\n<p>Si est\u00e1 interesado en una asociaci\u00f3n o patrocinio, cont\u00e1ctenos por correo electr\u00f3nico: <a href=\"mailto:vitorblog213214@gmail.com\">contato@setorreciclagem.com.br<\/a><br><\/p>\n\n\n\n<p>Un anuncio cuesta <strong>150 reales<\/strong> por publicaci\u00f3n, y debe realizarse haciendo clic en el bot\u00f3n PagSeguro al final de esta p\u00e1gina, pero a pesar de ser pago, el publirreportaje s\u00f3lo ser\u00e1 aceptado despu\u00e9s de haber sido revisado por el curador del Sector Reciclaje. Las razones de esta moderaci\u00f3n son:<\/p>\n\n\n\n<ul class=\"wp-block-list\">\n<li><p dir=\"ltr\">Los textos deben estar alineados con los temas de reciclaje, medio ambiente y ambientalismo.<\/p><\/li>\n\n\n\n<li><p dir=\"ltr\">Es fundamental que haya un m\u00ednimo de cuidado por la buena redacci\u00f3n, desde la gram\u00e1tica hasta la coherencia de lo escrito.<\/p><\/li>\n\n\n\n<li><p dir=\"ltr\">A pesar de ser pagos, los publirreportajes deben estar enfocados al lector. Los textos que realmente ofrecen buenas oportunidades e informaci\u00f3n completa crean reputaci\u00f3n y credibilidad ante el p\u00fablico objetivo.<\/p><\/li>\n\n\n\n<li><p dir=\"ltr\">No tratamos temas religiosos o pol\u00edticos.<\/p><\/li>\n\n\n\n<li><p dir=\"ltr\">Las im\u00e1genes deben ser propias o libres de derechos de autor, de buena calidad, pero ligeras (m\u00e1ximo 120Kb).<\/p><\/li>\n\n\n\n<li>Puedes colocar hasta&nbsp;<strong>3 enlaces<\/strong>&nbsp;en su art\u00edculo para promocionar su sitio web, producto o servicio.<\/li>\n<\/ul>\n\n\n\n<p><strong>\u00bfCu\u00e1les son las ventajas de publicar tus art\u00edculos en el Sector Reciclaje y Arte Reciclado?<\/strong><\/p>\n\n\n\n<ul class=\"wp-block-list\">\n<li><p dir=\"ltr\">Al estar en l\u00ednea durante dos d\u00e9cadas, Setor Reciclagem y Arte reciclacada se benefician de<strong>&nbsp;autoridad y reputaci\u00f3n con Google<\/strong>, por tanto, un texto bien redactado y con los t\u00e9rminos correctos aparece de forma destacada en las b\u00fasquedas de Google en poco tiempo.<\/p><\/li>\n\n\n\n<li><p dir=\"ltr\">Los art\u00edculos aprobados aparecen de forma destacada en la p\u00e1gina de inicio del sitio web en el momento de su lanzamiento.<\/p><\/li>\n<\/ul>","protected":false},"excerpt":{"rendered":"<p>Anuncie no Setor Reciclagem e Arte Reciclada e alcance um p\u00fablico selecionado, interessado em produtos e servi\u00e7os ligados \u00e0 reciclagem, coleta seletiva, artesanato e ecologia. O leitor do Setor Reciclagem \u00e9 engajado a causa do meio ambiente e \u00e1vido por consumir produtos sustent\u00e1veis! Atualmente s\u00f3 estamos aceitando o an\u00fancio publieditorial, que \u00e9 um artigo ou [&hellip;]<\/p>","protected":false},"author":2,"featured_media":0,"parent":0,"menu_order":0,"comment_status":"closed","ping_status":"closed","template":"","meta":{"footnotes":""},"class_list":["post-2286","page","type-page","status-publish","hentry"],"blocksy_meta":[],"_links":{"self":[{"href":"https:\/\/setorreciclagem.com.br\/es\/wp-json\/wp\/v2\/pages\/2286","targetHints":{"allow":["GET"]}}],"collection":[{"href":"https:\/\/setorreciclagem.com.br\/es\/wp-json\/wp\/v2\/pages"}],"about":[{"href":"https:\/\/setorreciclagem.com.br\/es\/wp-json\/wp\/v2\/types\/page"}],"author":[{"embeddable":true,"href":"https:\/\/setorreciclagem.com.br\/es\/wp-json\/wp\/v2\/users\/2"}],"replies":[{"embeddable":true,"href":"https:\/\/setorreciclagem.com.br\/es\/wp-json\/wp\/v2\/comments?post=2286"}],"version-history":[{"count":7,"href":"https:\/\/setorreciclagem.com.br\/es\/wp-json\/wp\/v2\/pages\/2286\/revisions"}],"predecessor-version":[{"id":3822,"href":"https:\/\/setorreciclagem.com.br\/es\/wp-json\/wp\/v2\/pages\/2286\/revisions\/3822"}],"wp:attachment":[{"href":"https:\/\/setorreciclagem.com.br\/es\/wp-json\/wp\/v2\/media?parent=2286"}],"curies":[{"name":"wp","href":"https:\/\/api.w.org\/{rel}","templated":true}]}}