{"id":3000,"date":"2024-08-08T17:26:58","date_gmt":"2024-08-08T20:26:58","guid":{"rendered":"https:\/\/setorreciclagem.com.br\/?page_id=3000"},"modified":"2024-08-08T17:27:10","modified_gmt":"2024-08-08T20:27:10","slug":"termos-de-uso","status":"publish","type":"page","link":"https:\/\/setorreciclagem.com.br\/en\/termos-de-uso\/","title":{"rendered":"Terms of use"},"content":{"rendered":"<p><strong>Last Updated: August 8, 2024<\/strong><\/p>\n\n\n\n<p>The following Terms of Use govern your use of the website. <strong>Recycling Sector<\/strong> and the services offered by us.<\/p>\n\n\n\n<h3 class=\"wp-block-heading\">User Commitment<\/h3>\n\n\n\n<p>By accessing and using our website, you agree to:<\/p>\n\n\n\n<ul class=\"wp-block-list\">\n<li><strong>THE)<\/strong> Use the content and information appropriately and in accordance with the law, good faith and public order;<\/li>\n\n\n\n<li><strong>B)<\/strong> Refrain from participating in illegal activities, including, but not limited to, disseminating propaganda or content of a racist, xenophobic nature, illegal gambling, pornography, advocacy of terrorism, or any act that violates human rights;<\/li>\n\n\n\n<li><strong>W)<\/strong> Avoid damage to the physical (hardware) and logical (software) systems of the <strong>Recycling Sector<\/strong>, its suppliers or third parties. This includes the dissemination of computer viruses or any other system that may cause damage.<\/li>\n<\/ul>\n\n\n\n<h3 class=\"wp-block-heading\">Disclaimer<\/h3>\n\n\n\n<p>Our website may include links to third-party websites. We do not control and are not responsible for the content or practices of these websites.<\/p>\n\n\n\n<h3 class=\"wp-block-heading\">Changes to Terms of Use<\/h3>\n\n\n\n<p>We reserve the right to change these Terms of Use at any time. Any changes will be communicated in advance, and your continued use of the website after such changes will be deemed to be acceptance of such changes.<\/p>\n\n\n\n<p>If you have any questions about these Terms of Use, please contact us by email <a>contato@setorreciclagem.com.br<\/a>.<\/p>\n\n\n\n<p><\/p>","protected":false},"excerpt":{"rendered":"<p>\u00daltima Atualiza\u00e7\u00e3o: 8 de Agosto de 2024 Os Termos de Uso a seguir regem o uso do site Setor Reciclagem e dos servi\u00e7os oferecidos por n\u00f3s. Compromisso do Usu\u00e1rio Ao acessar e utilizar nosso site, o usu\u00e1rio concorda em: Isen\u00e7\u00e3o de Responsabilidade Nosso site pode incluir links para sites de terceiros. N\u00f3s n\u00e3o controlamos e [&hellip;]<\/p>","protected":false},"author":223,"featured_media":2876,"parent":0,"menu_order":0,"comment_status":"closed","ping_status":"closed","template":"","meta":{"footnotes":""},"class_list":["post-3000","page","type-page","status-publish","has-post-thumbnail","hentry"],"blocksy_meta":[],"_links":{"self":[{"href":"https:\/\/setorreciclagem.com.br\/en\/wp-json\/wp\/v2\/pages\/3000","targetHints":{"allow":["GET"]}}],"collection":[{"href":"https:\/\/setorreciclagem.com.br\/en\/wp-json\/wp\/v2\/pages"}],"about":[{"href":"https:\/\/setorreciclagem.com.br\/en\/wp-json\/wp\/v2\/types\/page"}],"author":[{"embeddable":true,"href":"https:\/\/setorreciclagem.com.br\/en\/wp-json\/wp\/v2\/users\/223"}],"replies":[{"embeddable":true,"href":"https:\/\/setorreciclagem.com.br\/en\/wp-json\/wp\/v2\/comments?post=3000"}],"version-history":[{"count":1,"href":"https:\/\/setorreciclagem.com.br\/en\/wp-json\/wp\/v2\/pages\/3000\/revisions"}],"predecessor-version":[{"id":3001,"href":"https:\/\/setorreciclagem.com.br\/en\/wp-json\/wp\/v2\/pages\/3000\/revisions\/3001"}],"wp:featuredmedia":[{"embeddable":true,"href":"https:\/\/setorreciclagem.com.br\/en\/wp-json\/wp\/v2\/media\/2876"}],"wp:attachment":[{"href":"https:\/\/setorreciclagem.com.br\/en\/wp-json\/wp\/v2\/media?parent=3000"}],"curies":[{"name":"wp","href":"https:\/\/api.w.org\/{rel}","templated":true}]}}