{"id":2782,"date":"2023-12-16T09:54:23","date_gmt":"2023-12-16T12:54:23","guid":{"rendered":"http:\/\/setorreciclagem.com.br\/?page_id=2782"},"modified":"2024-08-08T17:29:57","modified_gmt":"2024-08-08T20:29:57","slug":"politica-de-privacidade-e-termos-de-uso","status":"publish","type":"page","link":"https:\/\/setorreciclagem.com.br\/en\/politica-de-privacidade-e-termos-de-uso\/","title":{"rendered":"Privacy Policy"},"content":{"rendered":"<p><strong>Last Updated: August 8, 2024<\/strong><\/p>\n\n\n\n<p>Your privacy is important to us. This Privacy Policy explains how we collect, use, protect and disclose your personal information when you visit our website. <strong>Setorreciclagem.com.br<\/strong>.<\/p>\n\n\n\n<h5 class=\"wp-block-heading\">Information Collection<\/h5>\n\n\n\n<p>We only ask for personal information when we truly need it to provide a service to you. We collect it fairly and lawfully, and always with your knowledge and consent. We explain why we collect it and how we will use it.<\/p>\n\n\n\n<h5 class=\"wp-block-heading\">Data Retention and Protection<\/h5>\n\n\n\n<p>Information collected is retained only for as long as necessary to provide you with your requested service. During storage, we employ commercially acceptable measures to protect your data from loss, theft, unauthorized access, disclosure, copying, use or modification.<\/p>\n\n\n\n<h5 class=\"wp-block-heading\">Information Sharing<\/h5>\n\n\n\n<p>We do not share your personally identifiable information publicly or with third-parties, except when required to by law.<\/p>\n\n\n\n<h5 class=\"wp-block-heading\">Links to External Sites<\/h5>\n\n\n\n<p>Our website may contain links to external sites that are not operated by us. Please be aware that we have no control over the content and practices of these sites, and are not responsible for their respective privacy policies.<\/p>\n\n\n\n<h5 class=\"wp-block-heading\">Your Consent<\/h5>\n\n\n\n<p>You have the right to refuse our request for your personal information, with the understanding that doing so may prevent us from providing you with some of your desired services.<\/p>\n\n\n\n<p>Your continued use of our website will be regarded as acceptance of our practices around privacy and personal information. If you have any questions about how we treat your data, please contact us by email <a>contato@setorreciclagem.com.br<\/a>.<\/p>","protected":false},"excerpt":{"rendered":"<p>\u00daltima Atualiza\u00e7\u00e3o: 8 de Agosto de 2024 A sua privacidade \u00e9 importante para n\u00f3s. Esta Pol\u00edtica de Privacidade explica como coletamos, usamos, protegemos e divulgamos suas informa\u00e7\u00f5es pessoais quando voc\u00ea visita nosso site Setorreciclagem.com.br. Coleta de Informa\u00e7\u00f5es N\u00f3s solicitamos informa\u00e7\u00f5es pessoais apenas quando realmente precisamos delas para fornecer um servi\u00e7o. A coleta dessas informa\u00e7\u00f5es \u00e9 [&hellip;]<\/p>","protected":false},"author":223,"featured_media":2876,"parent":0,"menu_order":0,"comment_status":"closed","ping_status":"closed","template":"","meta":{"footnotes":""},"class_list":["post-2782","page","type-page","status-publish","has-post-thumbnail","hentry"],"blocksy_meta":[],"_links":{"self":[{"href":"https:\/\/setorreciclagem.com.br\/en\/wp-json\/wp\/v2\/pages\/2782","targetHints":{"allow":["GET"]}}],"collection":[{"href":"https:\/\/setorreciclagem.com.br\/en\/wp-json\/wp\/v2\/pages"}],"about":[{"href":"https:\/\/setorreciclagem.com.br\/en\/wp-json\/wp\/v2\/types\/page"}],"author":[{"embeddable":true,"href":"https:\/\/setorreciclagem.com.br\/en\/wp-json\/wp\/v2\/users\/223"}],"replies":[{"embeddable":true,"href":"https:\/\/setorreciclagem.com.br\/en\/wp-json\/wp\/v2\/comments?post=2782"}],"version-history":[{"count":4,"href":"https:\/\/setorreciclagem.com.br\/en\/wp-json\/wp\/v2\/pages\/2782\/revisions"}],"predecessor-version":[{"id":3004,"href":"https:\/\/setorreciclagem.com.br\/en\/wp-json\/wp\/v2\/pages\/2782\/revisions\/3004"}],"wp:featuredmedia":[{"embeddable":true,"href":"https:\/\/setorreciclagem.com.br\/en\/wp-json\/wp\/v2\/media\/2876"}],"wp:attachment":[{"href":"https:\/\/setorreciclagem.com.br\/en\/wp-json\/wp\/v2\/media?parent=2782"}],"curies":[{"name":"wp","href":"https:\/\/api.w.org\/{rel}","templated":true}]}}